{"id":271,"date":"2022-03-09T08:26:33","date_gmt":"2022-03-09T08:26:33","guid":{"rendered":"http:\/\/www2.cep.ffrz.hr\/?page_id=271"},"modified":"2023-10-05T12:30:25","modified_gmt":"2023-10-05T12:30:25","slug":"271-2","status":"publish","type":"page","link":"https:\/\/obiteljskicentar.ffrz.hr\/?page_id=271","title":{"rendered":"Publikacije"},"content":{"rendered":"<p>[et_pb_section fb_built=&#8221;1&#8243; custom_padding_last_edited=&#8221;on|desktop&#8221; next_background_color=&#8221;#ffffff&#8221; admin_label=&#8221;Header&#8221; _builder_version=&#8221;4.20.2&#8243; background_image=&#8221;https:\/\/obiteljskicentar.ffrz.hr\/wp-content\/uploads\/2023\/03\/oc_back2-scaled.jpg&#8221; parallax=&#8221;on&#8221; custom_padding=&#8221;7vw||10vw||false|false&#8221; custom_padding_tablet=&#8221;100px||100px||true&#8221; custom_padding_phone=&#8221;||||true&#8221; bottom_divider_style=&#8221;ramp2&#8243; bottom_divider_height=&#8221;250px&#8221; bottom_divider_flip=&#8221;horizontal&#8221; bottom_divider_height_tablet=&#8221;150px&#8221; bottom_divider_height_phone=&#8221;110px&#8221; bottom_divider_height_last_edited=&#8221;on|phone&#8221; saved_tabs=&#8221;all&#8221; global_colors_info=&#8221;{}&#8221;][et_pb_row _builder_version=&#8221;4.16&#8243; global_colors_info=&#8221;{}&#8221;][et_pb_column type=&#8221;4_4&#8243; _builder_version=&#8221;4.16&#8243; custom_padding=&#8221;|||&#8221; global_colors_info=&#8221;{}&#8221; custom_padding__hover=&#8221;|||&#8221;][et_pb_text _builder_version=&#8221;4.17.4&#8243; text_font=&#8221;Roboto||||||||&#8221; text_font_size=&#8221;16px&#8221; text_line_height=&#8221;1.8em&#8221; header_font=&#8221;Roboto|700|||||||&#8221; header_text_align=&#8221;center&#8221; header_font_size=&#8221;80px&#8221; header_line_height=&#8221;1.2em&#8221; header_3_font=&#8221;Roboto|700||on|||||&#8221; header_3_text_align=&#8221;center&#8221; header_3_text_color=&#8221;#ffffff&#8221; header_3_font_size=&#8221;24px&#8221; header_3_letter_spacing=&#8221;10px&#8221; header_3_line_height=&#8221;2em&#8221; text_orientation=&#8221;center&#8221; background_layout=&#8221;dark&#8221; module_alignment=&#8221;center&#8221; text_font_size_last_edited=&#8221;off|desktop&#8221; header_font_size_tablet=&#8221;40px&#8221; header_font_size_phone=&#8221;32px&#8221; header_font_size_last_edited=&#8221;on|phone&#8221; header_3_font_size_tablet=&#8221;16px&#8221; header_3_font_size_phone=&#8221;14px&#8221; header_3_font_size_last_edited=&#8221;on|phone&#8221; header_3_letter_spacing_tablet=&#8221;5px&#8221; header_3_letter_spacing_phone=&#8221;&#8221; header_3_letter_spacing_last_edited=&#8221;on|tablet&#8221; global_colors_info=&#8221;{}&#8221;]<\/p>\n<h3>PUBLIKACIJE<\/h3>\n<h1>NA\u0160A IZDANJA<\/h1>\n<p>[\/et_pb_text][\/et_pb_column][\/et_pb_row][\/et_pb_section][et_pb_section fb_built=&#8221;1&#8243; admin_label=&#8221;Projects&#8221; _builder_version=&#8221;4.16&#8243; custom_margin=&#8221;|||&#8221; custom_padding=&#8221;80px||80px||true|false&#8221; global_colors_info=&#8221;{}&#8221;][\/et_pb_section][et_pb_section fb_built=&#8221;1&#8243; _builder_version=&#8221;4.16&#8243; _module_preset=&#8221;default&#8221; global_colors_info=&#8221;{}&#8221;][et_pb_row column_structure=&#8221;1_3,2_3&#8243; _builder_version=&#8221;4.16&#8243; _module_preset=&#8221;default&#8221; global_colors_info=&#8221;{}&#8221;][et_pb_column type=&#8221;1_3&#8243; _builder_version=&#8221;4.16&#8243; _module_preset=&#8221;default&#8221; global_colors_info=&#8221;{}&#8221;][et_pb_image src=&#8221;https:\/\/obiteljskicentar.ffrz.hr\/wp-content\/uploads\/2022\/03\/knjiga.jpg&#8221; title_text=&#8221;knjiga&#8221; align=&#8221;center&#8221; force_fullwidth=&#8221;on&#8221; _builder_version=&#8221;4.20.2&#8243; _module_preset=&#8221;default&#8221; global_colors_info=&#8221;{}&#8221;][\/et_pb_image][\/et_pb_column][et_pb_column type=&#8221;2_3&#8243; _builder_version=&#8221;4.16&#8243; _module_preset=&#8221;default&#8221; global_colors_info=&#8221;{}&#8221;][et_pb_text _builder_version=&#8221;4.21.0&#8243; _module_preset=&#8221;default&#8221; global_colors_info=&#8221;{}&#8221;]<\/p>\n<h3>NA\u0160A IZDANJA<\/h3>\n<p style=\"margin: 0in; margin-bottom: .0001pt;\"><span style=\"font-size: 15.0pt; font-family: 'Helvetica Neue',serif;\"><\/span><\/p>\n<p style=\"margin: 0in; margin-bottom: .0001pt;\"><span style=\"font-size: 15.0pt; font-family: 'Helvetica Neue',serif;\">\u0160estak, Ivan, Volenik, Antun, Jane\u0161, Luka, \u0110akovi\u0107, Dan (ur.) (2022). <a href=\"https:\/\/www.bib.irb.hr\/1181228\" target=\"_blank\" rel=\"noopener\">Hrvatski isusovci za obitelj. Uz 50. godi\u0161njicu Obiteljske ljetne \u0161kole (1971.-2021.).<\/a> Zagreb: Obiteljski centar Fakulteta filozofije i religijskih znanosti Sveu\u010dili\u0161ta u Zagrebu.<\/span><span style=\"font-size: 15.0pt; font-family: 'Helvetica Neue',serif;\"><o:p><\/o:p><\/span><\/p>\n<p style=\"margin: 0in; margin-bottom: .0001pt;\"><span style=\"font-size: 15.0pt; font-family: 'Helvetica Neue',serif;\"><\/span><\/p>\n<p style=\"padding-left: 40px; text-align: left;\">\u0160estak, Ivan, \u0110akovi\u0107 Dan (2022). <span><a href=\"https:\/\/www.bib.irb.hr\/1181250\">Isusovci i Obiteljska ljetna \u0161kola. Uz 50. obljetnicu (1971.-2021)<\/a><\/span>. U: \u0160estak, Ivan, Volenik, Antun, Jane\u0161, Luka, \u0110akovi\u0107, Dan (ur.). Hrvatski isusovci za obitelj. Uz 50. godi\u0161njicu Obiteljske ljetne \u0161kole (1971.-2021.) (str. 9-28). Zagreb: Obiteljski institut Fakulteta filozofije i religijskih znanosti Sveu\u010dili\u0161ta u Zagrebu.<\/p>\n<p>[\/et_pb_text][et_pb_text _builder_version=&#8221;4.22.2&#8243; _module_preset=&#8221;default&#8221; hover_enabled=&#8221;0&#8243; global_colors_info=&#8221;{}&#8221; sticky_enabled=&#8221;0&#8243;]<\/p>\n<h3>\u010cLANCI<\/h3>\n<p>&nbsp;<\/p>\n<p style=\"margin: 0in; margin-bottom: .0001pt;\"><a href=\"https:\/\/obiteljskicentar.ffrz.hr\/wp-content\/uploads\/2023\/08\/Depresija-FFRZ.pdf\" target=\"_blank\" rel=\"noopener\"><span style=\"font-size: 15.0pt; font-family: 'Helvetica Neue',serif;\">Depresija : pandemija \u010diji kraj se ne nazire<\/span><\/a><\/p>\n<p style=\"margin: 0in; margin-bottom: .0001pt;\"><a href=\"https:\/\/obiteljskicentar.ffrz.hr\/wp-content\/uploads\/2023\/06\/Anksioznost_FFRZ.pdf\" target=\"_blank\" rel=\"noopener\"><span style=\"font-size: 15.0pt; font-family: 'Helvetica Neue',serif;\">Anksioznost: kako od slona radimo buhu<\/span><\/a><\/p>\n<p style=\"margin: 0in; margin-bottom: .0001pt;\"><a href=\"https:\/\/obiteljskicentar.ffrz.hr\/wp-content\/uploads\/2023\/06\/Djeca-razvoda_FFRZ.pdf\" target=\"_blank\" rel=\"noopener\"><span style=\"font-size: 15.0pt; font-family: 'Helvetica Neue',serif;\">Djeca razvoda: raznolikost posljedica i utjecaj na mentalno zdravlje<\/span><\/a><\/p>\n<p style=\"margin: 0in; margin-bottom: .0001pt;\"><a href=\"https:\/\/obiteljskicentar.ffrz.hr\/wp-content\/uploads\/2023\/06\/Fraktalni-crtez_FFRZ.pdf\" target=\"_blank\" rel=\"noopener\"><span style=\"font-size: 15.0pt; font-family: 'Helvetica Neue',serif;\">Fraktalni crte\u017e kao <em>art<\/em> terapija<\/span><\/a><\/p>\n<p style=\"margin: 0in; margin-bottom: .0001pt;\"><a href=\"https:\/\/obiteljskicentar.ffrz.hr\/wp-content\/uploads\/2023\/06\/Perfekcionizam_FFRZ.pdf\" target=\"_blank\" rel=\"noopener\"><span style=\"font-size: 15.0pt; font-family: 'Helvetica Neue',serif;\">Perfekcionizam \u2013 savr\u0161enstvo ili prokletstvo?<\/span><\/a><\/p>\n<p style=\"margin: 0in; margin-bottom: .0001pt;\"><a href=\"https:\/\/obiteljskicentar.ffrz.hr\/wp-content\/uploads\/2023\/06\/Psihoterapija_FFRZ.pdf\" target=\"_blank\" rel=\"noopener\"><span style=\"font-size: 15.0pt; font-family: 'Helvetica Neue',serif;\">\u0160to je psihoterapija i kome je potrebna?<\/span><\/a><\/p>\n<p style=\"margin: 0in; margin-bottom: .0001pt;\"><a href=\"https:\/\/obiteljskicentar.ffrz.hr\/wp-content\/uploads\/2023\/09\/Misolic_M_FFRZ_Unutarnjedijete.pdf\" target=\"_blank\" rel=\"noopener\"><span style=\"font-size: 15.0pt; font-family: 'Helvetica Neue',serif;\">Unutarnje dijete: osje\u0107a li se voljeno ili napu\u0161teno?<\/span><\/a><\/p>\n<p style=\"margin: 0in; margin-bottom: .0001pt;\"><a href=\"https:\/\/obiteljskicentar.ffrz.hr\/wp-content\/uploads\/2023\/09\/Mladinov_M_FFRZ_Nosenjedjecesproblemimauobitelji.pdf\" target=\"_blank\" rel=\"noopener\"><span style=\"font-size: 15.0pt; font-family: 'Helvetica Neue',serif;\">No\u0161enje djece s problemima u obitelji i kako ih prepoznati<\/span><\/a><\/p>\n<p style=\"margin: 0in; margin-bottom: .0001pt;\"><span style=\"font-size: 15.0pt; font-family: 'Helvetica Neue',serif;\"><a href=\"https:\/\/obiteljskicentar.ffrz.hr\/wp-content\/uploads\/2023\/09\/Vrsnjacko_nasilje_Mladinov_M_FFRZ-Copy.pdf\" target=\"_blank\" rel=\"noopener\">Vr\u0161nja\u010dko nasilje u osnovnoj \u0161koli: problem i prevencija<\/a><\/span><\/p>\n<p style=\"margin: 0in; margin-bottom: .0001pt;\"><span style=\"font-size: 15.0pt; font-family: 'Helvetica Neue',serif;\"><a href=\"https:\/\/obiteljskicentar.ffrz.hr\/wp-content\/uploads\/2023\/09\/Autizam_Mladinov_M_FFRZ-Copy.pdf\" target=\"_blank\" rel=\"noopener\">Poreme\u0107aji autisti\u010dnog spektra kod djece osnovno\u0161kolske dobi<\/a><\/span><\/p>\n<p style=\"margin: 0in; margin-bottom: .0001pt;\"><a href=\"https:\/\/obiteljskicentar.ffrz.hr\/wp-content\/uploads\/2023\/10\/ADHD_Mladinov_M_FFRZ.pdf\" target=\"_blank\" rel=\"noopener\"><span style=\"font-size: 15.0pt; font-family: 'Helvetica Neue',serif;\">ADHD kod u\u010denika ni\u017eih razreda osnovne \u0161kole<\/span><\/a><\/p>\n<p style=\"margin: 0in; margin-bottom: .0001pt;\"><a href=\"https:\/\/obiteljskicentar.ffrz.hr\/wp-content\/uploads\/2023\/10\/PTSP_Mladinov_M_FFRZ.pdf\" target=\"_blank\" rel=\"noopener\"><span style=\"font-size: 15.0pt; font-family: 'Helvetica Neue',serif;\">Ratni posttraumatski stresni poreme\u0107aj: problem djece oboljelih roditelja<\/span><\/a><\/p>\n<p style=\"padding-left: 40px; text-align: left;\">[\/et_pb_text][\/et_pb_column][\/et_pb_row][et_pb_row _builder_version=&#8221;4.17.4&#8243; _module_preset=&#8221;default&#8221; global_colors_info=&#8221;{}&#8221;][et_pb_column type=&#8221;4_4&#8243; _builder_version=&#8221;4.17.4&#8243; _module_preset=&#8221;default&#8221; global_colors_info=&#8221;{}&#8221;][et_pb_divider _builder_version=&#8221;4.17.4&#8243; _module_preset=&#8221;default&#8221; global_colors_info=&#8221;{}&#8221;][\/et_pb_divider][\/et_pb_column][\/et_pb_row][\/et_pb_section][et_pb_section fb_built=&#8221;1&#8243; custom_padding_last_edited=&#8221;on|desktop&#8221; prev_background_color=&#8221;#ffffff&#8221; admin_label=&#8221;Footer&#8221; _builder_version=&#8221;4.20.2&#8243; background_image=&#8221;https:\/\/obiteljskicentar.ffrz.hr\/wp-content\/uploads\/2023\/03\/oc_back2-scaled.jpg&#8221; parallax=&#8221;on&#8221; custom_padding=&#8221;10vw||7vw||false|false&#8221; custom_padding_tablet=&#8221;100px||100px||true&#8221; custom_padding_phone=&#8221;||||true&#8221; top_divider_style=&#8221;ramp2&#8243; top_divider_height=&#8221;250px&#8221; top_divider_flip=&#8221;vertical&#8221; top_divider_height_tablet=&#8221;150px&#8221; top_divider_height_phone=&#8221;110px&#8221; top_divider_height_last_edited=&#8221;on|phone&#8221; saved_tabs=&#8221;all&#8221; global_colors_info=&#8221;{}&#8221;][et_pb_row module_class=&#8221; et_pb_row_fullwidth&#8221; _builder_version=&#8221;4.16&#8243; width=&#8221;89%&#8221; width_tablet=&#8221;80%&#8221; width_phone=&#8221;80%&#8221; width_last_edited=&#8221;on|desktop&#8221; max_width=&#8221;89%&#8221; max_width_tablet=&#8221;80%&#8221; max_width_phone=&#8221;80%&#8221; max_width_last_edited=&#8221;on|desktop&#8221; custom_margin_phone=&#8221;|||&#8221; custom_margin_last_edited=&#8221;off|desktop&#8221; custom_padding=&#8221;|||&#8221; make_fullwidth=&#8221;on&#8221; locked=&#8221;off&#8221; global_colors_info=&#8221;{}&#8221;][et_pb_column type=&#8221;4_4&#8243; _builder_version=&#8221;4.16&#8243; custom_padding=&#8221;|||&#8221; global_colors_info=&#8221;{}&#8221; custom_padding__hover=&#8221;|||&#8221;][et_pb_text _builder_version=&#8221;4.20.2&#8243; text_font=&#8221;||||||||&#8221; header_font=&#8221;||||||||&#8221; header_2_font=&#8221;Roboto|700|||||||&#8221; header_2_font_size=&#8221;50px&#8221; header_2_line_height=&#8221;1.4em&#8221; header_3_font=&#8221;Roboto|700||on|||||&#8221; header_3_text_align=&#8221;center&#8221; header_3_text_color=&#8221;#ffffff&#8221; header_3_font_size=&#8221;24px&#8221; header_3_letter_spacing=&#8221;5px&#8221; header_3_line_height=&#8221;2em&#8221; text_orientation=&#8221;center&#8221; background_layout=&#8221;dark&#8221; max_width=&#8221;850px&#8221; module_alignment=&#8221;center&#8221; custom_margin=&#8221;|||&#8221; custom_padding=&#8221;|||&#8221; text_font_size_last_edited=&#8221;off|desktop&#8221; header_2_font_size_tablet=&#8221;40px&#8221; header_2_font_size_phone=&#8221;32px&#8221; header_2_font_size_last_edited=&#8221;on|desktop&#8221; header_3_font_size_tablet=&#8221;16px&#8221; header_3_font_size_phone=&#8221;14px&#8221; header_3_font_size_last_edited=&#8221;on|phone&#8221; global_colors_info=&#8221;{}&#8221;]<\/p>\n<h3>KONTAKTIRAJTE NAS<\/h3>\n<h2>OBITELJSKI CENTAR<\/h2>\n<p>Jordanovac 110,<\/p>\n<p>10 000 ZAGREB<\/p>\n<p>[\/et_pb_text][et_pb_button button_url=&#8221;https:\/\/obiteljskicentar.ffrz.hr\/?page_id=261&#8243; button_text=&#8221;PO\u0160ALJI PORUKU&#8221; button_alignment=&#8221;center&#8221; _builder_version=&#8221;4.20.2&#8243; custom_button=&#8221;on&#8221; button_text_size=&#8221;14px&#8221; button_text_color=&#8221;#5968af&#8221; button_bg_use_color_gradient=&#8221;on&#8221; button_bg_color_gradient_direction=&#8221;90deg&#8221; button_bg_color_gradient_stops=&#8221;#9ed8ff 0%|#aaffdb 100%&#8221; button_bg_color_gradient_start=&#8221;#9ed8ff&#8221; button_bg_color_gradient_end=&#8221;#aaffdb&#8221; button_border_width=&#8221;0px&#8221; button_border_color=&#8221;rgba(0,0,0,0)&#8221; button_border_radius=&#8221;4px&#8221; button_letter_spacing=&#8221;5px&#8221; button_font=&#8221;Roboto|700||on|||||&#8221; background_layout=&#8221;dark&#8221; custom_margin=&#8221;|||&#8221; custom_padding=&#8221;18px|34px|18px|34px|true|true&#8221; box_shadow_style=&#8221;preset3&#8243; box_shadow_vertical=&#8221;20px&#8221; box_shadow_blur=&#8221;30px&#8221; box_shadow_spread=&#8221;-10px&#8221; box_shadow_color=&#8221;rgba(46,120,145,0.29)&#8221; button_letter_spacing_hover=&#8221;5.5px&#8221; global_colors_info=&#8221;{}&#8221; button_text_size__hover_enabled=&#8221;off&#8221; button_one_text_size__hover_enabled=&#8221;off&#8221; button_two_text_size__hover_enabled=&#8221;off&#8221; button_text_color__hover_enabled=&#8221;off&#8221; button_one_text_color__hover_enabled=&#8221;off&#8221; button_two_text_color__hover_enabled=&#8221;off&#8221; button_border_width__hover_enabled=&#8221;off&#8221; button_one_border_width__hover_enabled=&#8221;off&#8221; button_two_border_width__hover_enabled=&#8221;off&#8221; button_border_color__hover_enabled=&#8221;off&#8221; button_one_border_color__hover_enabled=&#8221;off&#8221; button_two_border_color__hover_enabled=&#8221;off&#8221; button_border_radius__hover_enabled=&#8221;off&#8221; button_one_border_radius__hover_enabled=&#8221;off&#8221; button_two_border_radius__hover_enabled=&#8221;off&#8221; button_letter_spacing__hover_enabled=&#8221;on&#8221; button_letter_spacing__hover=&#8221;5.5px&#8221; button_one_letter_spacing__hover_enabled=&#8221;off&#8221; button_two_letter_spacing__hover_enabled=&#8221;off&#8221; button_bg_color__hover_enabled=&#8221;off&#8221; button_one_bg_color__hover_enabled=&#8221;off&#8221; button_two_bg_color__hover_enabled=&#8221;off&#8221;][\/et_pb_button][\/et_pb_column][\/et_pb_row][et_pb_row _builder_version=&#8221;4.16&#8243; locked=&#8221;off&#8221; global_colors_info=&#8221;{}&#8221;][et_pb_column type=&#8221;4_4&#8243; _builder_version=&#8221;4.16&#8243; custom_padding=&#8221;|||&#8221; global_colors_info=&#8221;{}&#8221; custom_padding__hover=&#8221;|||&#8221;][\/et_pb_column][\/et_pb_row][\/et_pb_section]<\/p>\n","protected":false},"excerpt":{"rendered":"<p>PUBLIKACIJE NA\u0160A IZDANJANA\u0160A IZDANJA \u0160estak, Ivan, Volenik, Antun, Jane\u0161, Luka, \u0110akovi\u0107, Dan (ur.) (2022). Hrvatski isusovci za obitelj. Uz 50. godi\u0161njicu Obiteljske ljetne \u0161kole (1971.-2021.). Zagreb: Obiteljski centar Fakulteta filozofije i religijskih znanosti Sveu\u010dili\u0161ta u Zagrebu. \u0160estak, Ivan, \u0110akovi\u0107 Dan (2022). Isusovci i Obiteljska ljetna \u0161kola. Uz 50. obljetnicu (1971.-2021). U: \u0160estak, Ivan, Volenik, Antun, [&hellip;]<\/p>\n","protected":false},"author":1,"featured_media":0,"parent":0,"menu_order":0,"comment_status":"closed","ping_status":"closed","template":"","meta":{"_et_pb_use_builder":"on","_et_pb_old_content":"","_et_gb_content_width":"","footnotes":""},"class_list":["post-271","page","type-page","status-publish","hentry"],"_links":{"self":[{"href":"https:\/\/obiteljskicentar.ffrz.hr\/index.php?rest_route=\/wp\/v2\/pages\/271","targetHints":{"allow":["GET"]}}],"collection":[{"href":"https:\/\/obiteljskicentar.ffrz.hr\/index.php?rest_route=\/wp\/v2\/pages"}],"about":[{"href":"https:\/\/obiteljskicentar.ffrz.hr\/index.php?rest_route=\/wp\/v2\/types\/page"}],"author":[{"embeddable":true,"href":"https:\/\/obiteljskicentar.ffrz.hr\/index.php?rest_route=\/wp\/v2\/users\/1"}],"replies":[{"embeddable":true,"href":"https:\/\/obiteljskicentar.ffrz.hr\/index.php?rest_route=%2Fwp%2Fv2%2Fcomments&post=271"}],"version-history":[{"count":49,"href":"https:\/\/obiteljskicentar.ffrz.hr\/index.php?rest_route=\/wp\/v2\/pages\/271\/revisions"}],"predecessor-version":[{"id":692,"href":"https:\/\/obiteljskicentar.ffrz.hr\/index.php?rest_route=\/wp\/v2\/pages\/271\/revisions\/692"}],"wp:attachment":[{"href":"https:\/\/obiteljskicentar.ffrz.hr\/index.php?rest_route=%2Fwp%2Fv2%2Fmedia&parent=271"}],"curies":[{"name":"wp","href":"https:\/\/api.w.org\/{rel}","templated":true}]}}